{"id":5153,"date":"2022-11-14T13:26:03","date_gmt":"2022-11-14T11:26:03","guid":{"rendered":"https:\/\/www.nordmel.ee\/toode\/mesi-450g\/"},"modified":"2025-10-17T19:26:18","modified_gmt":"2025-10-17T16:26:18","slug":"pehmea-hunaja-450g","status":"publish","type":"product","link":"https:\/\/www.nordmel.ee\/fi\/toode\/pehmea-hunaja-450g\/","title":{"rendered":"PEHME\u00c4 HUNAJA 450G"},"content":{"rendered":"<p>Ravintosis\u00e4lt\u00f6 100 g kohti: Energia 1398 kJ \/ 329 kcal; Rasvat 0 g, josta tyydyttyneit\u00e4 rasvahappoja 0 g; Hiilihydraatit 82 g, josta sokereita 81 g; Proteiini &lt;0,5 g; Suola &lt;0,01 g.<\/p>\n","protected":false},"excerpt":{"rendered":"<p><a class=\"button minimal\" href=\"https:\/\/www.s-kaupat.fi\/tuote\/nordmel-pehmea-hunaja-450g\/4744808010132\">OSTA T\u00c4\u00c4LT\u00c4<\/a><\/p>\n","protected":false},"featured_media":6800,"template":"","meta":[],"product_brand":[],"product_cat":[83],"product_tag":[],"class_list":{"0":"post-5153","1":"product","2":"type-product","3":"status-publish","4":"has-post-thumbnail","6":"product_cat-virolainen-hunaja","8":"first","9":"instock","10":"shipping-taxable","11":"product-type-simple"},"_links":{"self":[{"href":"https:\/\/www.nordmel.ee\/fi\/wp-json\/wp\/v2\/product\/5153","targetHints":{"allow":["GET"]}}],"collection":[{"href":"https:\/\/www.nordmel.ee\/fi\/wp-json\/wp\/v2\/product"}],"about":[{"href":"https:\/\/www.nordmel.ee\/fi\/wp-json\/wp\/v2\/types\/product"}],"wp:featuredmedia":[{"embeddable":true,"href":"https:\/\/www.nordmel.ee\/fi\/wp-json\/wp\/v2\/media\/6800"}],"wp:attachment":[{"href":"https:\/\/www.nordmel.ee\/fi\/wp-json\/wp\/v2\/media?parent=5153"}],"wp:term":[{"taxonomy":"product_brand","embeddable":true,"href":"https:\/\/www.nordmel.ee\/fi\/wp-json\/wp\/v2\/product_brand?post=5153"},{"taxonomy":"product_cat","embeddable":true,"href":"https:\/\/www.nordmel.ee\/fi\/wp-json\/wp\/v2\/product_cat?post=5153"},{"taxonomy":"product_tag","embeddable":true,"href":"https:\/\/www.nordmel.ee\/fi\/wp-json\/wp\/v2\/product_tag?post=5153"}],"curies":[{"name":"wp","href":"https:\/\/api.w.org\/{rel}","templated":true}]}}