{"id":5150,"date":"2022-11-14T13:28:24","date_gmt":"2022-11-14T11:28:24","guid":{"rendered":"https:\/\/www.nordmel.ee\/toode\/mesi-250g\/"},"modified":"2025-10-17T19:26:57","modified_gmt":"2025-10-17T16:26:57","slug":"pehmea-hunaja-250g","status":"publish","type":"product","link":"https:\/\/www.nordmel.ee\/fi\/toode\/pehmea-hunaja-250g\/","title":{"rendered":"PEHME\u00c4 HUNAJA 250G"},"content":{"rendered":"<p>Ravintosis\u00e4lt\u00f6 100 g kohti: Energia 1398 kJ \/ 329 kcal; Rasvat 0 g, josta tyydyttyneit\u00e4 rasvahappoja 0 g; Hiilihydraatit 82 g, josta sokereita 81 g; Proteiini &lt;0,5 g; Suola &lt;0,01 g.<\/p>\n","protected":false},"excerpt":{"rendered":"<p><a class=\"button minimal\" href=\"https:\/\/www.s-kaupat.fi\/tuote\/nordmel-250g-hunaja-pehmea\/4744808010149\">OSTA T\u00c4\u00c4LT\u00c4<\/a><\/p>\n","protected":false},"featured_media":6805,"template":"","meta":[],"product_brand":[],"product_cat":[83],"product_tag":[],"class_list":{"0":"post-5150","1":"product","2":"type-product","3":"status-publish","4":"has-post-thumbnail","6":"product_cat-virolainen-hunaja","8":"first","9":"instock","10":"shipping-taxable","11":"product-type-simple"},"_links":{"self":[{"href":"https:\/\/www.nordmel.ee\/fi\/wp-json\/wp\/v2\/product\/5150","targetHints":{"allow":["GET"]}}],"collection":[{"href":"https:\/\/www.nordmel.ee\/fi\/wp-json\/wp\/v2\/product"}],"about":[{"href":"https:\/\/www.nordmel.ee\/fi\/wp-json\/wp\/v2\/types\/product"}],"wp:featuredmedia":[{"embeddable":true,"href":"https:\/\/www.nordmel.ee\/fi\/wp-json\/wp\/v2\/media\/6805"}],"wp:attachment":[{"href":"https:\/\/www.nordmel.ee\/fi\/wp-json\/wp\/v2\/media?parent=5150"}],"wp:term":[{"taxonomy":"product_brand","embeddable":true,"href":"https:\/\/www.nordmel.ee\/fi\/wp-json\/wp\/v2\/product_brand?post=5150"},{"taxonomy":"product_cat","embeddable":true,"href":"https:\/\/www.nordmel.ee\/fi\/wp-json\/wp\/v2\/product_cat?post=5150"},{"taxonomy":"product_tag","embeddable":true,"href":"https:\/\/www.nordmel.ee\/fi\/wp-json\/wp\/v2\/product_tag?post=5150"}],"curies":[{"name":"wp","href":"https:\/\/api.w.org\/{rel}","templated":true}]}}