{"id":3731,"date":"2022-02-14T11:46:49","date_gmt":"2022-02-14T09:46:49","guid":{"rendered":"https:\/\/www.nordmel.ee\/meista\/"},"modified":"2025-11-07T15:28:29","modified_gmt":"2025-11-07T13:28:29","slug":"meista","status":"publish","type":"page","link":"https:\/\/www.nordmel.ee\/fi\/meista\/","title":{"rendered":"Meist\u00e4"},"content":{"rendered":"\t\t<div data-elementor-type=\"wp-page\" data-elementor-id=\"3731\" class=\"elementor elementor-3731 elementor-1126\" data-elementor-post-type=\"page\">\n\t\t\t\t\t\t<section class=\"elementor-section elementor-top-section elementor-element elementor-element-c8f43aa qodef-elementor-content-grid elementor-section-stretched elementor-section-boxed elementor-section-height-default elementor-section-height-default qodef-bees-holder-no qodef-section-backgrounds-animation-no\" data-id=\"c8f43aa\" data-element_type=\"section\" data-settings=\"{&quot;background_background&quot;:&quot;classic&quot;,&quot;stretch_section&quot;:&quot;section-stretched&quot;}\">\n\t\t\t\t\t\t<div class=\"elementor-container elementor-column-gap-default\">\n\t\t\t\t\t<div class=\"elementor-column elementor-col-50 elementor-top-column elementor-element elementor-element-070f7e3\" data-id=\"070f7e3\" data-element_type=\"column\">\n\t\t\t<div class=\"elementor-widget-wrap elementor-element-populated\">\n\t\t\t\t\t\t<div class=\"elementor-element elementor-element-7981c0e4 elementor-widget elementor-widget-text-editor\" data-id=\"7981c0e4\" data-element_type=\"widget\" data-widget_type=\"text-editor.default\">\n\t\t\t\t<div class=\"elementor-widget-container\">\n\t\t\t\t\t\t\t\t\t<p>Nordmelin hunaja<span style=\"color: #d3a863;\"><strong><\/strong><\/span><\/p>\t\t\t\t\t\t\t\t<\/div>\n\t\t\t\t<\/div>\n\t\t\t\t<div class=\"elementor-element elementor-element-16acb2a6 elementor-widget elementor-widget-mellifera_core_custom_font\" data-id=\"16acb2a6\" data-element_type=\"widget\" data-widget_type=\"mellifera_core_custom_font.default\">\n\t\t\t\t<div class=\"elementor-widget-container\">\n\t\t\t\t\t<h4 class=\"qodef-shortcode qodef-m  qodef-custom-font qodef-custom-font-1 qodef-layout--simple\" >Puhtast loodusest<\/h4>\t\t\t\t<\/div>\n\t\t\t\t<\/div>\n\t\t\t\t<div class=\"elementor-element elementor-element-e3a5c1b elementor-invisible elementor-widget elementor-widget-image\" data-id=\"e3a5c1b\" data-element_type=\"widget\" data-settings=\"{&quot;_animation&quot;:&quot;fadeIn&quot;}\" data-widget_type=\"image.default\">\n\t\t\t\t<div class=\"elementor-widget-container\">\n\t\t\t\t\t\t\t\t\t\t\t\t\t\t\t<img decoding=\"async\" src=\"https:\/\/www.nordmel.ee\/wp-content\/uploads\/2020\/07\/h2-img-3-1.png\" title=\"\" alt=\"\" loading=\"lazy\" \/>\t\t\t\t\t\t\t\t\t\t\t\t\t\t\t<\/div>\n\t\t\t\t<\/div>\n\t\t\t\t\t<\/div>\n\t\t<\/div>\n\t\t\t\t<div class=\"elementor-column elementor-col-50 elementor-top-column elementor-element elementor-element-1ea368b\" data-id=\"1ea368b\" data-element_type=\"column\">\n\t\t\t<div class=\"elementor-widget-wrap elementor-element-populated\">\n\t\t\t\t\t\t<div class=\"elementor-element elementor-element-2056dee9 elementor-widget elementor-widget-wp-widget-text\" data-id=\"2056dee9\" data-element_type=\"widget\" data-widget_type=\"wp-widget-text.default\">\n\t\t\t\t<div class=\"elementor-widget-container\">\n\t\t\t\t\t\t\t\t<div class=\"textwidget\"><p style=\"margin-bottom: 30px\">T\u00e4m\u00e4 on tarina <strong>kahdesta miehest\u00e4<\/strong>, joille hunajanvalmistus on syd\u00e4menasia, ja jotka halusivat jakaa rakkautensa hunajaan my\u00f6s muiden kanssa. Nordmelin perustajat Peeter ja Timo yst\u00e4vystyiv\u00e4t jo p\u00e4iv\u00e4kodissa, k\u00e4viv\u00e4t samaa koulua ja olivat armeijassakin samaan aikaan. Pojat viettiv\u00e4t lapsuutensa koskemattomasta luonnostaan tunnetussa Soomaassa Lounais-Virossa, jonka metsiss\u00e4 humisevien m\u00e4ntyjen alla kasvaa jos jonkinlaisia kasveja ja yrttej\u00e4. Ja juuri Soomaan puhtaasta luonnosta ovat per\u00e4isin Nordmelin t\u00e4ytel\u00e4isen ja kuohkean hunajan maussa aistittava maitohorsman, voikukan, vadelman, kanervan ja mesiangervon maut.<\/p>\n<\/div>\n\t\t\t\t\t\t<\/div>\n\t\t\t\t<\/div>\n\t\t\t\t<section class=\"elementor-section elementor-inner-section elementor-element elementor-element-6867a23 elementor-section-full_width elementor-section-height-default elementor-section-height-default qodef-elementor-content-no qodef-bees-holder-no qodef-section-backgrounds-animation-no\" data-id=\"6867a23\" data-element_type=\"section\">\n\t\t\t\t\t\t<div class=\"elementor-container elementor-column-gap-default\">\n\t\t\t\t\t<div class=\"elementor-column elementor-col-50 elementor-inner-column elementor-element elementor-element-23bac84\" data-id=\"23bac84\" data-element_type=\"column\">\n\t\t\t<div class=\"elementor-widget-wrap elementor-element-populated\">\n\t\t\t\t\t\t<div class=\"elementor-element elementor-element-c9b7dff elementor-widget elementor-widget-image\" data-id=\"c9b7dff\" data-element_type=\"widget\" data-widget_type=\"image.default\">\n\t\t\t\t<div class=\"elementor-widget-container\">\n\t\t\t\t\t\t\t\t\t\t\t\t\t\t\t<img decoding=\"async\" src=\"https:\/\/www.nordmel.ee\/wp-content\/uploads\/2020\/07\/IMG_2432-e1596101047919.jpg\" title=\"\" alt=\"\" loading=\"lazy\" \/>\t\t\t\t\t\t\t\t\t\t\t\t\t\t\t<\/div>\n\t\t\t\t<\/div>\n\t\t\t\t\t<\/div>\n\t\t<\/div>\n\t\t\t\t<div class=\"elementor-column elementor-col-50 elementor-inner-column elementor-element elementor-element-0ca2d0d\" data-id=\"0ca2d0d\" data-element_type=\"column\">\n\t\t\t<div class=\"elementor-widget-wrap elementor-element-populated\">\n\t\t\t\t\t\t<div class=\"elementor-element elementor-element-2d705962 elementor-widget elementor-widget-image\" data-id=\"2d705962\" data-element_type=\"widget\" data-widget_type=\"image.default\">\n\t\t\t\t<div class=\"elementor-widget-container\">\n\t\t\t\t\t\t\t\t\t\t\t\t\t\t\t<img decoding=\"async\" src=\"https:\/\/www.nordmel.ee\/wp-content\/uploads\/2020\/07\/IMG_3299-e1596101246310.jpg\" title=\"\" alt=\"\" loading=\"lazy\" \/>\t\t\t\t\t\t\t\t\t\t\t\t\t\t\t<\/div>\n\t\t\t\t<\/div>\n\t\t\t\t\t<\/div>\n\t\t<\/div>\n\t\t\t\t\t<\/div>\n\t\t<\/section>\n\t\t\t\t<div class=\"elementor-element elementor-element-f1cdb74 elementor-widget elementor-widget-wp-widget-text\" data-id=\"f1cdb74\" data-element_type=\"widget\" data-widget_type=\"wp-widget-text.default\">\n\t\t\t\t<div class=\"elementor-widget-container\">\n\t\t\t\t\t\t\t\t<div class=\"textwidget\"><p><strong>Virolaisessa hunajassa<\/strong> on runsaasti antioksidantteja, joilla on bakteereja ja sieni\u00e4 tuhoava vaikutus. Siksi hunajaa onkin jo vuosisatojen ajan hy\u00f6dynnetty luontaisl\u00e4\u00e4kinn\u00e4ss\u00e4. Ja hunaja maistuu uskomattoman hyv\u00e4lt\u00e4. Hunaja sopii kakkujen, piirakoiden ja vaikkapa puuron makeuttamiseen. Sunnuntai on Virossa tunnettu lettup\u00e4iv\u00e4, ja tuhannet virolaiset lapset sy\u00f6v\u00e4t sunnuntailettunsa Nordmelin hunajan kera. Hunaja tekee arjestakin makean. Hunaja tekee arjestakin makean.<\/p>\n<\/div>\n\t\t\t\t\t\t<\/div>\n\t\t\t\t<\/div>\n\t\t\t\t\t<\/div>\n\t\t<\/div>\n\t\t\t\t\t<\/div>\n\t\t<\/section>\n\t\t\t\t<section class=\"elementor-section elementor-top-section elementor-element elementor-element-10eab67 elementor-section-full_width qodef-section-backgrounds-animation-yes elementor-section-height-default elementor-section-height-default qodef-elementor-content-no qodef-bees-holder-no\" data-id=\"10eab67\" data-element_type=\"section\" data-settings=\"{&quot;background_background&quot;:&quot;classic&quot;}\">\n\t\t\t\t\t\t<div class=\"elementor-container elementor-column-gap-default\">\n\t\t\t\t\t<div class=\"elementor-column elementor-col-100 elementor-top-column elementor-element elementor-element-2bec7a4\" data-id=\"2bec7a4\" data-element_type=\"column\" data-settings=\"{&quot;background_background&quot;:&quot;classic&quot;}\">\n\t\t\t<div class=\"elementor-widget-wrap elementor-element-populated\">\n\t\t\t\t\t\t<section class=\"elementor-section elementor-inner-section elementor-element elementor-element-64c3e3b qodef-elementor-content-grid qodef-section-backgrounds-animation-yes elementor-section-boxed elementor-section-height-default elementor-section-height-default qodef-bees-holder-no\" data-id=\"64c3e3b\" data-element_type=\"section\">\n\t\t\t\t\t\t<div class=\"elementor-container elementor-column-gap-default\">\n\t\t\t\t\t<div class=\"elementor-column elementor-col-100 elementor-inner-column elementor-element elementor-element-c67762e\" data-id=\"c67762e\" data-element_type=\"column\">\n\t\t\t<div class=\"elementor-widget-wrap elementor-element-populated\">\n\t\t\t\t\t\t<div class=\"elementor-element elementor-element-c4aa8b8 elementor-widget elementor-widget-mellifera_core_section_title\" data-id=\"c4aa8b8\" data-element_type=\"widget\" data-widget_type=\"mellifera_core_section_title.default\">\n\t\t\t\t<div class=\"elementor-widget-container\">\n\t\t\t\t\t<div class=\"qodef-shortcode qodef-m  qodef-section-title qodef-alignment--center \">\n\t\t<h2 class=\"qodef-m-title\" >\n\t\t\t\t\tNordmel'i meeskond\t\t\t<\/h2>\n\t<\/div>\t\t\t\t<\/div>\n\t\t\t\t<\/div>\n\t\t\t\t<div class=\"elementor-element elementor-element-b4e88b8 elementor-widget elementor-widget-mellifera_core_team_list\" data-id=\"b4e88b8\" data-element_type=\"widget\" data-widget_type=\"mellifera_core_team_list.default\">\n\t\t\t\t<div class=\"elementor-widget-container\">\n\t\t\t\t\t<div class=\"qodef-shortcode qodef-m  qodef-team-list qodef-item-layout--info-below qodef-grid qodef-layout--columns  qodef-gutter--medium qodef-col-num--3 qodef-item-layout--info-below qodef--no-bottom-space qodef-pagination--off qodef-responsive--predefined\" data-options=\"{&quot;plugin&quot;:&quot;mellifera_core&quot;,&quot;module&quot;:&quot;post-types\\\/team\\\/shortcodes&quot;,&quot;shortcode&quot;:&quot;team-list&quot;,&quot;post_type&quot;:&quot;team&quot;,&quot;next_page&quot;:&quot;2&quot;,&quot;behavior&quot;:&quot;columns&quot;,&quot;images_proportion&quot;:&quot;full&quot;,&quot;columns&quot;:&quot;3&quot;,&quot;columns_responsive&quot;:&quot;predefined&quot;,&quot;space&quot;:&quot;medium&quot;,&quot;posts_per_page&quot;:&quot;-1&quot;,&quot;orderby&quot;:&quot;date&quot;,&quot;order&quot;:&quot;DESC&quot;,&quot;additional_params&quot;:&quot;id&quot;,&quot;post_ids&quot;:&quot;1172,5467,4230,5606,1174,5963,6839,6850,5636&quot;,&quot;layout&quot;:&quot;info-below&quot;,&quot;title_tag&quot;:&quot;h4&quot;,&quot;pagination_type&quot;:&quot;no-pagination&quot;,&quot;object_class_name&quot;:&quot;MelliferaCoreTeamListShortcode&quot;,&quot;taxonomy_filter&quot;:&quot;team-category&quot;,&quot;additional_query_args&quot;:{&quot;orderby&quot;:&quot;post__in&quot;,&quot;post__in&quot;:[&quot;1172&quot;,&quot;5467&quot;,&quot;4230&quot;,&quot;5606&quot;,&quot;1174&quot;,&quot;5963&quot;,&quot;6839&quot;,&quot;6850&quot;,&quot;5636&quot;]},&quot;item_classes&quot;:&quot;qodef-e qodef-grid-item&quot;,&quot;space_value&quot;:20}\">\n\t\t<div class=\"qodef-grid-inner clear\">\n\t\t<div class=\"qodef-e qodef-grid-item post-6913 team type-team status-publish hentry team-category-nordmel\">\n\t<div class=\"qodef-e-inner\">\n\t\t<div class=\"qodef-e-image\">\n\t\t\t\t\t<\/div>\n\t\t<div class=\"qodef-e-content\" >\n\t\t\t\t<p class=\"qodef-e-role\">\n\t\tMehil\u00e4ishoitaja, Myynti\t<\/p>\n\t\t\t<h4 itemprop=\"name\" class=\"qodef-e-title entry-title\" >\n\t\t\tPeeter Matson\t<\/h4>\t\t\t\t<p class=\"qodef-e-description\">\n\t\ttel: +372 5178204\t<\/p>\n\t\t\t\t<div class=\"qodef-team-member-social-icons\">\n\t\t                    <a class=\"qodef-team-member-social-icon\" href=\"tel:+3725178204\" target=\"_blank\">\n                        <span class=\"qodef-icon-font-awesome fa fa-phone\" ><\/span>                    <\/a>\n                                                        <a class=\"qodef-team-member-social-icon\" href=\"mailto:peeter@nordmel.ee\" target=\"_blank\">\n                        <span class=\"qodef-icon-font-awesome fa fa-mail-bulk\" ><\/span>                    <\/a>\n                                                        <a class=\"qodef-team-member-social-icon\" href=\"https:\/\/www.linkedin.com\/in\/peeter-matson\/\" target=\"_blank\">\n                        <span class=\"qodef-icon-font-awesome fab fa-linkedin-in\" ><\/span>                    <\/a>\n                                    \t<\/div>\n\t\t<\/div>\n\t<\/div>\n<\/div><div class=\"qodef-e qodef-grid-item post-6895 team type-team status-publish hentry team-category-nordmel\">\n\t<div class=\"qodef-e-inner\">\n\t\t<div class=\"qodef-e-image\">\n\t\t\t\t\t<\/div>\n\t\t<div class=\"qodef-e-content\" >\n\t\t\t\t<p class=\"qodef-e-role\">\n\t\tToimitusketjun johtaja\t<\/p>\n\t\t\t<h4 itemprop=\"name\" class=\"qodef-e-title entry-title\" >\n\t\t\tUrmo Kase\t<\/h4>\t\t\t\t<p class=\"qodef-e-description\">\n\t\turmo@nordmel.ee\t<\/p>\n\t\t\t\t<div class=\"qodef-team-member-social-icons\">\n\t\t                    <a class=\"qodef-team-member-social-icon\" href=\"mailto:urmo@nordmel.ee\" target=\"_blank\">\n                        <span class=\"qodef-icon-font-awesome fa fa-mail-bulk\" ><\/span>                    <\/a>\n                                    \t<\/div>\n\t\t<\/div>\n\t<\/div>\n<\/div><div class=\"qodef-e qodef-grid-item post-6907 team type-team status-publish hentry team-category-nordmel\">\n\t<div class=\"qodef-e-inner\">\n\t\t<div class=\"qodef-e-image\">\n\t\t\t\t\t<\/div>\n\t\t<div class=\"qodef-e-content\" >\n\t\t\t\t<p class=\"qodef-e-role\">\n\t\tMehil\u00e4ishoitaja, Pakkaus\t<\/p>\n\t\t\t<h4 itemprop=\"name\" class=\"qodef-e-title entry-title\" >\n\t\t\tTaro Yoda\t<\/h4>\t\t\t\t<p class=\"qodef-e-description\">\n\t\ttaro@nordmel.ee\t<\/p>\n\t\t\t\t<div class=\"qodef-team-member-social-icons\">\n\t\t                    <a class=\"qodef-team-member-social-icon\" href=\"mailto:taro@nordmel.ee\" target=\"_blank\">\n                        <span class=\"qodef-icon-font-awesome fa fa-mail-bulk\" ><\/span>                    <\/a>\n                                    \t<\/div>\n\t\t<\/div>\n\t<\/div>\n<\/div><div class=\"qodef-e qodef-grid-item post-6919 team type-team status-publish hentry team-category-nordmel\">\n\t<div class=\"qodef-e-inner\">\n\t\t<div class=\"qodef-e-image\">\n\t\t\t\t\t<\/div>\n\t\t<div class=\"qodef-e-content\" >\n\t\t\t\t<p class=\"qodef-e-role\">\n\t\tMehil\u00e4ishoitaja, Pakkaus\t<\/p>\n\t\t\t<h4 itemprop=\"name\" class=\"qodef-e-title entry-title\" >\n\t\t\tKerli Valmsen\t<\/h4>\t\t\t\t<p class=\"qodef-e-description\">\n\t\tkerli@nordmel.ee\t<\/p>\n\t\t\t\t<div class=\"qodef-team-member-social-icons\">\n\t\t                    <a class=\"qodef-team-member-social-icon\" href=\"mailto:kerli@nordmel.ee\" target=\"_blank\">\n                        <span class=\"qodef-icon-font-awesome fa fa-mail-bulk\" ><\/span>                    <\/a>\n                                    \t<\/div>\n\t\t<\/div>\n\t<\/div>\n<\/div><div class=\"qodef-e qodef-grid-item post-6867 team type-team status-publish hentry team-category-nordmel\">\n\t<div class=\"qodef-e-inner\">\n\t\t<div class=\"qodef-e-image\">\n\t\t\t\t\t<\/div>\n\t\t<div class=\"qodef-e-content\" >\n\t\t\t\t<p class=\"qodef-e-role\">\n\t\tMehil\u00e4ishoitaja\t<\/p>\n\t\t\t<h4 itemprop=\"name\" class=\"qodef-e-title entry-title\" >\n\t\t\tRihet Ots\t<\/h4>\t\t\t\t<p class=\"qodef-e-description\">\n\t\trihet@nordmel.ee\t<\/p>\n\t\t\t\t<div class=\"qodef-team-member-social-icons\">\n\t\t                    <a class=\"qodef-team-member-social-icon\" href=\"mailto:rihet@nordmel.ee\" target=\"_blank\">\n                        <span class=\"qodef-icon-font-awesome fa fa-mail-bulk\" ><\/span>                    <\/a>\n                                    \t<\/div>\n\t\t<\/div>\n\t<\/div>\n<\/div><div class=\"qodef-e qodef-grid-item post-6860 team type-team status-publish hentry team-category-nordmel\">\n\t<div class=\"qodef-e-inner\">\n\t\t<div class=\"qodef-e-image\">\n\t\t\t\t\t<\/div>\n\t\t<div class=\"qodef-e-content\" >\n\t\t\t\t<p class=\"qodef-e-role\">\n\t\tMehil\u00e4ishoitaja\t<\/p>\n\t\t\t<h4 itemprop=\"name\" class=\"qodef-e-title entry-title\" >\n\t\t\tAlvar Arusoo\t<\/h4>\t\t\t\t<p class=\"qodef-e-description\">\n\t\talvar@nordmel.ee\t<\/p>\n\t\t\t\t<div class=\"qodef-team-member-social-icons\">\n\t\t                    <a class=\"qodef-team-member-social-icon\" href=\"mailto:alvar@nordmel.ee\" target=\"_blank\">\n                        <span class=\"qodef-icon-font-awesome fa fa-mail-bulk\" ><\/span>                    <\/a>\n                                    \t<\/div>\n\t\t<\/div>\n\t<\/div>\n<\/div><div class=\"qodef-e qodef-grid-item post-6899 team type-team status-publish hentry team-category-nordmel\">\n\t<div class=\"qodef-e-inner\">\n\t\t<div class=\"qodef-e-image\">\n\t\t\t\t\t<\/div>\n\t\t<div class=\"qodef-e-content\" >\n\t\t\t\t<p class=\"qodef-e-role\">\n\t\tS\u00e4hk\u00f6 ja automaatio\t<\/p>\n\t\t\t<h4 itemprop=\"name\" class=\"qodef-e-title entry-title\" >\n\t\t\tErki Kangro\t<\/h4>\t\t\t\t\t\t\t\t<\/div>\n\t<\/div>\n<\/div>\t<\/div>\n\t<\/div>\t\t\t\t<\/div>\n\t\t\t\t<\/div>\n\t\t\t\t\t<\/div>\n\t\t<\/div>\n\t\t\t\t\t<\/div>\n\t\t<\/section>\n\t\t\t\t\t<\/div>\n\t\t<\/div>\n\t\t\t\t\t<\/div>\n\t\t<\/section>\n\t\t\t\t<\/div>\n\t\t","protected":false},"excerpt":{"rendered":"<p>Nordmelin hunaja Puhtast loodusest Nordmel&#8217;i meeskond mesinik, m\u00fc\u00fck Peeter Matson tel: +372 5178204 Tarneahela juht Urmo Kase urmo@nordmel.ee mesinik, pakendus Taro Yoda taro@nordmel.ee mesinik, pakendus Kerli Valmsen kerli@nordmel.ee mesinik Rihet Ots rihet@nordmel.ee mesinik Alvar Arusoo alvar@nordmel.ee Elekter ja automaatika Erki Kangro<\/p>\n","protected":false},"author":1,"featured_media":0,"parent":0,"menu_order":0,"comment_status":"closed","ping_status":"closed","template":"","meta":{"footnotes":""},"class_list":["post-3731","page","type-page","status-publish","hentry"],"_links":{"self":[{"href":"https:\/\/www.nordmel.ee\/fi\/wp-json\/wp\/v2\/pages\/3731","targetHints":{"allow":["GET"]}}],"collection":[{"href":"https:\/\/www.nordmel.ee\/fi\/wp-json\/wp\/v2\/pages"}],"about":[{"href":"https:\/\/www.nordmel.ee\/fi\/wp-json\/wp\/v2\/types\/page"}],"author":[{"embeddable":true,"href":"https:\/\/www.nordmel.ee\/fi\/wp-json\/wp\/v2\/users\/1"}],"replies":[{"embeddable":true,"href":"https:\/\/www.nordmel.ee\/fi\/wp-json\/wp\/v2\/comments?post=3731"}],"version-history":[{"count":3,"href":"https:\/\/www.nordmel.ee\/fi\/wp-json\/wp\/v2\/pages\/3731\/revisions"}],"predecessor-version":[{"id":6878,"href":"https:\/\/www.nordmel.ee\/fi\/wp-json\/wp\/v2\/pages\/3731\/revisions\/6878"}],"wp:attachment":[{"href":"https:\/\/www.nordmel.ee\/fi\/wp-json\/wp\/v2\/media?parent=3731"}],"curies":[{"name":"wp","href":"https:\/\/api.w.org\/{rel}","templated":true}]}}