{"id":6760,"date":"2022-11-14T13:28:24","date_gmt":"2022-11-14T11:28:24","guid":{"rendered":"https:\/\/www.nordmel.ee\/toode\/mesi-250g\/"},"modified":"2025-12-17T15:21:48","modified_gmt":"2025-12-17T13:21:48","slug":"mesi-250g","status":"publish","type":"product","link":"https:\/\/www.nordmel.ee\/de\/toode\/mesi-250g\/","title":{"rendered":"WEICHER HONIG 250G"},"content":{"rendered":"<p>N\u00e4hrwertangaben pro 100 g: Energie 1398 kJ \/ 329 kcal; Fett 0 g, davon ges\u00e4ttigte Fetts\u00e4uren 0 g; Kohlenhydrate 82 g, davon Zucker 81 g; Eiwei\u00df 0,5 g; Salz 0,01 g<\/p>\n","protected":false},"excerpt":{"rendered":"<p><a class=\"button minimal\" href=\"https:\/\/www.amazon.de\/dp\/B0DW99Y7HG?maas=maas_adg_7C4454E81F90DB599C89045256BE9B3E_afap_abs&amp;ref_=aa_maas&amp;tag=maas\">HIER KAUFEN<\/a><\/p>\n","protected":false},"featured_media":6787,"template":"","meta":[],"product_brand":[],"product_cat":[109],"product_tag":[],"class_list":{"0":"post-6760","1":"product","2":"type-product","3":"status-publish","4":"has-post-thumbnail","6":"product_cat-estnischer-honig","8":"first","9":"instock","10":"shipping-taxable","11":"product-type-simple"},"_links":{"self":[{"href":"https:\/\/www.nordmel.ee\/de\/wp-json\/wp\/v2\/product\/6760","targetHints":{"allow":["GET"]}}],"collection":[{"href":"https:\/\/www.nordmel.ee\/de\/wp-json\/wp\/v2\/product"}],"about":[{"href":"https:\/\/www.nordmel.ee\/de\/wp-json\/wp\/v2\/types\/product"}],"wp:featuredmedia":[{"embeddable":true,"href":"https:\/\/www.nordmel.ee\/de\/wp-json\/wp\/v2\/media\/6787"}],"wp:attachment":[{"href":"https:\/\/www.nordmel.ee\/de\/wp-json\/wp\/v2\/media?parent=6760"}],"wp:term":[{"taxonomy":"product_brand","embeddable":true,"href":"https:\/\/www.nordmel.ee\/de\/wp-json\/wp\/v2\/product_brand?post=6760"},{"taxonomy":"product_cat","embeddable":true,"href":"https:\/\/www.nordmel.ee\/de\/wp-json\/wp\/v2\/product_cat?post=6760"},{"taxonomy":"product_tag","embeddable":true,"href":"https:\/\/www.nordmel.ee\/de\/wp-json\/wp\/v2\/product_tag?post=6760"}],"curies":[{"name":"wp","href":"https:\/\/api.w.org\/{rel}","templated":true}]}}