{"id":6552,"date":"2022-11-24T16:59:44","date_gmt":"2022-11-24T14:59:44","guid":{"rendered":"https:\/\/www.nordmel.ee\/toode\/honig-60x8g-stickpack\/"},"modified":"2025-12-17T15:20:41","modified_gmt":"2025-12-17T13:20:41","slug":"honig-60x8g-stickpack","status":"publish","type":"product","link":"https:\/\/www.nordmel.ee\/de\/toode\/honig-60x8g-stickpack\/","title":{"rendered":"WEICHER HONIG STICKPACKS 60 x 8G"},"content":{"rendered":"<p class=\"p1\">Mit dem Nordmel Stickpack lassen sich Hei\u00dfgetr\u00e4nke im B\u00fcro, im Caf\u00e9, im Restaurant, auf Reisen oder zu Hause schnell und einfach s\u00fc\u00dfen. Ein 8-Gramm-P\u00e4ckchen entspricht einem Teel\u00f6ffel Honig. Es l\u00e4sst sich leicht mitnehmen und ist eine schnelle L\u00f6sung f\u00fcr Diabetiker mit niedrigem Blutzucker.<\/p>\n<p>&nbsp;<\/p>\n<p>Die Packung enth\u00e4lt 60 x 8 g.<\/p>\n<p>&nbsp;<\/p>\n<p>&lt;&lt;N\u00e4hrwertangaben pro 100 g: Energie 1398 kJ \/ 329 kcal; Fett 0 g, davon ges\u00e4ttigte Fetts\u00e4uren 0 g; Kohlenhydrate 82 g, davon Zucker 81 g; Eiwei\u00df 0,5 g; Salz 0,01 g<\/p>\n","protected":false},"excerpt":{"rendered":"<p><a class=\"button minimal\" href=\"https:\/\/www.amazon.de\/dp\/B0CNV1SWRX?maas=maas_adg_46C8DE55DD4A720D4BFCEF0364411C70_afap_abs&amp;ref_=aa_maas&amp;tag=maas\">HIER KAUFEN<\/a><\/p>\n","protected":false},"featured_media":6792,"template":"","meta":[],"product_brand":[],"product_cat":[109],"product_tag":[],"class_list":{"0":"post-6552","1":"product","2":"type-product","3":"status-publish","4":"has-post-thumbnail","6":"product_cat-estnischer-honig","8":"first","9":"instock","10":"shipping-taxable","11":"product-type-simple"},"_links":{"self":[{"href":"https:\/\/www.nordmel.ee\/de\/wp-json\/wp\/v2\/product\/6552","targetHints":{"allow":["GET"]}}],"collection":[{"href":"https:\/\/www.nordmel.ee\/de\/wp-json\/wp\/v2\/product"}],"about":[{"href":"https:\/\/www.nordmel.ee\/de\/wp-json\/wp\/v2\/types\/product"}],"wp:featuredmedia":[{"embeddable":true,"href":"https:\/\/www.nordmel.ee\/de\/wp-json\/wp\/v2\/media\/6792"}],"wp:attachment":[{"href":"https:\/\/www.nordmel.ee\/de\/wp-json\/wp\/v2\/media?parent=6552"}],"wp:term":[{"taxonomy":"product_brand","embeddable":true,"href":"https:\/\/www.nordmel.ee\/de\/wp-json\/wp\/v2\/product_brand?post=6552"},{"taxonomy":"product_cat","embeddable":true,"href":"https:\/\/www.nordmel.ee\/de\/wp-json\/wp\/v2\/product_cat?post=6552"},{"taxonomy":"product_tag","embeddable":true,"href":"https:\/\/www.nordmel.ee\/de\/wp-json\/wp\/v2\/product_tag?post=6552"}],"curies":[{"name":"wp","href":"https:\/\/api.w.org\/{rel}","templated":true}]}}